{"id":339,"date":"2024-11-14T13:08:23","date_gmt":"2024-11-14T13:08:23","guid":{"rendered":"http:\/\/qualitysrh.local\/contact\/"},"modified":"2025-11-04T14:27:05","modified_gmt":"2025-11-04T13:27:05","slug":"contact","status":"publish","type":"page","link":"https:\/\/www.qualitysrh.com\/index.php\/contact\/","title":{"rendered":"Contact"},"content":{"rendered":"<style>.kb-row-layout-id339_8333f3-17 > .kt-row-column-wrap{align-content:end;}:where(.kb-row-layout-id339_8333f3-17 > .kt-row-column-wrap) > .wp-block-kadence-column{justify-content:end;}.kb-row-layout-id339_8333f3-17 > .kt-row-column-wrap{column-gap:var(--global-kb-gap-md, 2rem);row-gap:var(--global-kb-gap-md, 2rem);max-width:var( --global-content-width, 1290px );padding-left:var(--global-content-edge-padding);padding-right:var(--global-content-edge-padding);padding-top:var(--global-kb-spacing-xxl, 5rem);padding-right:var(--global-kb-spacing-sm, 1.5rem);padding-bottom:var(--global-kb-spacing-4xl, 8rem);padding-left:var(--global-kb-spacing-sm, 1.5rem);min-height:650px;grid-template-columns:minmax(0, 1fr);}.kb-row-layout-id339_8333f3-17{background-image:url('https:\/\/www.qualitysrh.com\/wp-content\/uploads\/2024\/11\/a-man-in-a-suit-presenting-a-blank-business-card-for-corporate-usage.-326576-2048x1196-1.jpg');background-size:cover;background-position:50% 50%;background-attachment:scroll;background-repeat:no-repeat;}.kb-row-layout-id339_8333f3-17 > .kt-row-layout-overlay{opacity:0.85;background-color:var(--global-palette3, #1A202C);mix-blend-mode:normal;}@media all and (max-width: 1024px){.kb-row-layout-id339_8333f3-17 > .kt-row-column-wrap{grid-template-columns:minmax(0, 1fr);}}@media all and (max-width: 767px){.kb-row-layout-id339_8333f3-17 > .kt-row-column-wrap{padding-top:var(--global-kb-spacing-xl, 4rem);padding-bottom:var(--global-kb-spacing-xl, 4rem);grid-template-columns:minmax(0, 1fr);}}<\/style><div class=\"kb-row-layout-wrap kb-row-layout-id339_8333f3-17 alignfull kt-row-has-bg wp-block-kadence-rowlayout\"><div class=\"kt-row-layout-overlay kt-row-overlay-normal\"><\/div><div class=\"kt-row-column-wrap kt-has-1-columns kt-row-layout-equal kt-tab-layout-inherit kt-mobile-layout-row kt-row-valign-bottom kb-theme-content-width\">\n<style>.kadence-column339_100828-ba > .kt-inside-inner-col{border-top:25px solid transparent;border-right:25px solid transparent;border-bottom:25px solid transparent;border-left:25px solid transparent;}.kadence-column339_100828-ba > .kt-inside-inner-col,.kadence-column339_100828-ba > .kt-inside-inner-col:before{border-top-left-radius:0px;border-top-right-radius:0px;border-bottom-right-radius:0px;border-bottom-left-radius:0px;}.kadence-column339_100828-ba > .kt-inside-inner-col{column-gap:var(--global-kb-gap-sm, 1rem);}.kadence-column339_100828-ba > .kt-inside-inner-col{flex-direction:column;}.kadence-column339_100828-ba > .kt-inside-inner-col > .aligncenter{width:100%;}.kadence-column339_100828-ba > .kt-inside-inner-col:before{opacity:0.3;}.kadence-column339_100828-ba{position:relative;}@media all and (max-width: 1024px){.kadence-column339_100828-ba > .kt-inside-inner-col{border-top:25px solid transparent;border-right:25px solid transparent;border-bottom:25px solid transparent;border-left:25px solid transparent;flex-direction:column;justify-content:center;}}@media all and (max-width: 767px){.kadence-column339_100828-ba > .kt-inside-inner-col{border-top:25px solid transparent;border-right:25px solid transparent;border-bottom:25px solid transparent;border-left:25px solid transparent;flex-direction:column;justify-content:center;}}<\/style>\n<div class=\"wp-block-kadence-column kadence-column339_100828-ba kvs-sm-false inner-column-1\"><div class=\"kt-inside-inner-col\"><style>.wp-block-kadence-advancedheading.kt-adv-heading339_bf5fe1-6e, .wp-block-kadence-advancedheading.kt-adv-heading339_bf5fe1-6e[data-kb-block=\"kb-adv-heading339_bf5fe1-6e\"]{margin-top:var(--global-kb-spacing-xl, 4rem);text-align:center;font-size:70px;font-weight:400;font-style:normal;font-family:'Josefin Sans';}.wp-block-kadence-advancedheading.kt-adv-heading339_bf5fe1-6e mark.kt-highlight, .wp-block-kadence-advancedheading.kt-adv-heading339_bf5fe1-6e[data-kb-block=\"kb-adv-heading339_bf5fe1-6e\"] mark.kt-highlight{font-style:normal;color:#f76a0c;-webkit-box-decoration-break:clone;box-decoration-break:clone;padding-top:0px;padding-right:0px;padding-bottom:0px;padding-left:0px;}.wp-block-kadence-advancedheading.kt-adv-heading339_bf5fe1-6e img.kb-inline-image, .wp-block-kadence-advancedheading.kt-adv-heading339_bf5fe1-6e[data-kb-block=\"kb-adv-heading339_bf5fe1-6e\"] img.kb-inline-image{width:150px;vertical-align:baseline;}<\/style>\n<h1 class=\"kt-adv-heading339_bf5fe1-6e wp-block-kadence-advancedheading has-theme-palette-9-color has-text-color\" data-kb-block=\"kb-adv-heading339_bf5fe1-6e\"><strong><em>Bienvenue chez Qualitys RH<\/em><\/strong><\/h1>\n\n\n<style>.wp-block-kadence-spacer.kt-block-spacer-339_9345fb-00 .kt-block-spacer{height:40px;}.wp-block-kadence-spacer.kt-block-spacer-339_9345fb-00 .kt-divider{border-top-width:1px;height:1px;border-top-color:#a0d2b9;width:15%;border-top-style:solid;}<\/style>\n<div class=\"wp-block-kadence-spacer aligncenter kt-block-spacer-339_9345fb-00\"><div class=\"kt-block-spacer kt-block-spacer-halign-center\"><hr class=\"kt-divider\"\/><\/div><\/div>\n\n\n<style>.wp-block-kadence-advancedheading.kt-adv-heading339_cc7a88-65, .wp-block-kadence-advancedheading.kt-adv-heading339_cc7a88-65[data-kb-block=\"kb-adv-heading339_cc7a88-65\"]{padding-top:0px;margin-top:0px;text-align:center;font-size:var(--global-kb-font-size-lg, 2rem);font-weight:400;font-style:normal;font-family:'Josefin Sans';}.wp-block-kadence-advancedheading.kt-adv-heading339_cc7a88-65 mark.kt-highlight, .wp-block-kadence-advancedheading.kt-adv-heading339_cc7a88-65[data-kb-block=\"kb-adv-heading339_cc7a88-65\"] mark.kt-highlight{font-style:normal;color:#f76a0c;-webkit-box-decoration-break:clone;box-decoration-break:clone;padding-top:0px;padding-right:0px;padding-bottom:0px;padding-left:0px;}.wp-block-kadence-advancedheading.kt-adv-heading339_cc7a88-65 img.kb-inline-image, .wp-block-kadence-advancedheading.kt-adv-heading339_cc7a88-65[data-kb-block=\"kb-adv-heading339_cc7a88-65\"] img.kb-inline-image{width:150px;vertical-align:baseline;}@media all and (max-width: 1024px){.wp-block-kadence-advancedheading.kt-adv-heading339_cc7a88-65, .wp-block-kadence-advancedheading.kt-adv-heading339_cc7a88-65[data-kb-block=\"kb-adv-heading339_cc7a88-65\"]{font-size:60px;}}@media all and (max-width: 767px){.wp-block-kadence-advancedheading.kt-adv-heading339_cc7a88-65, .wp-block-kadence-advancedheading.kt-adv-heading339_cc7a88-65[data-kb-block=\"kb-adv-heading339_cc7a88-65\"]{font-size:40px;}}<\/style>\n<p class=\"kt-adv-heading339_cc7a88-65 wp-block-kadence-advancedheading has-theme-palette-9-color has-text-color\" data-kb-block=\"kb-adv-heading339_cc7a88-65\"><strong>Contactez nous<\/strong><\/p>\n<\/div><\/div>\n\n<\/div><\/div>\n\n<style>.kb-row-layout-id339_d9f0e8-7b > .kt-row-column-wrap{align-content:start;}:where(.kb-row-layout-id339_d9f0e8-7b > .kt-row-column-wrap) > .wp-block-kadence-column{justify-content:start;}.kb-row-layout-id339_d9f0e8-7b > .kt-row-column-wrap{column-gap:var(--global-kb-gap-md, 2rem);row-gap:var(--global-kb-gap-md, 2rem);max-width:var( --global-content-width, 1290px );padding-left:var(--global-content-edge-padding);padding-right:var(--global-content-edge-padding);padding-top:var(--global-kb-spacing-xxl, 5rem);padding-bottom:var(--global-kb-spacing-xxl, 5rem);grid-template-columns:minmax(0, 1fr);}.kb-row-layout-id339_d9f0e8-7b > .kt-row-layout-overlay{opacity:0.00;}@media all and (max-width: 1024px){.kb-row-layout-id339_d9f0e8-7b > .kt-row-column-wrap{grid-template-columns:minmax(0, 1fr);}}@media all and (max-width: 767px){.kb-row-layout-id339_d9f0e8-7b > .kt-row-column-wrap{grid-template-columns:minmax(0, 1fr);}}<\/style><div class=\"kb-row-layout-wrap kb-row-layout-id339_d9f0e8-7b alignfull has-theme-palette9-background-color kt-row-has-bg wp-block-kadence-rowlayout\"><div class=\"kt-row-column-wrap kt-has-1-columns kt-row-layout-equal kt-tab-layout-inherit kt-mobile-layout-row kt-row-valign-top kb-theme-content-width\">\n<style>.kadence-column339_3afced-a7 > .kt-inside-inner-col{padding-right:var(--global-kb-spacing-5xl, 10rem);padding-left:var(--global-kb-spacing-5xl, 10rem);}.kadence-column339_3afced-a7 > .kt-inside-inner-col,.kadence-column339_3afced-a7 > .kt-inside-inner-col:before{border-top-left-radius:0px;border-top-right-radius:0px;border-bottom-right-radius:0px;border-bottom-left-radius:0px;}.kadence-column339_3afced-a7 > .kt-inside-inner-col{column-gap:var(--global-kb-gap-sm, 1rem);}.kadence-column339_3afced-a7 > .kt-inside-inner-col{flex-direction:column;}.kadence-column339_3afced-a7 > .kt-inside-inner-col > .aligncenter{width:100%;}.kadence-column339_3afced-a7 > .kt-inside-inner-col:before{opacity:0.3;}.kadence-column339_3afced-a7{text-align:center;}.kadence-column339_3afced-a7{position:relative;}.kadence-column339_3afced-a7, .kt-inside-inner-col > .kadence-column339_3afced-a7:not(.specificity){margin-right:var(--global-kb-spacing-3xl, 6.5rem);margin-left:var(--global-kb-spacing-3xl, 6.5rem);}@media all and (max-width: 1024px){.kadence-column339_3afced-a7 > .kt-inside-inner-col{padding-right:var(--global-kb-spacing-xl, 4rem);padding-left:var(--global-kb-spacing-xl, 4rem);flex-direction:column;justify-content:center;}}@media all and (max-width: 1024px){.kadence-column339_3afced-a7, .kt-inside-inner-col > .kadence-column339_3afced-a7:not(.specificity){margin-right:var(--global-kb-spacing-md, 2rem);margin-left:var(--global-kb-spacing-md, 2rem);}}@media all and (max-width: 767px){.kadence-column339_3afced-a7 > .kt-inside-inner-col{padding-right:0px;padding-left:0px;flex-direction:column;justify-content:center;}.kadence-column339_3afced-a7, .kt-inside-inner-col > .kadence-column339_3afced-a7:not(.specificity){margin-right:0px;margin-left:0px;}}<\/style>\n<div class=\"wp-block-kadence-column kadence-column339_3afced-a7\"><div class=\"kt-inside-inner-col\"><style>.wp-block-kadence-spacer.kt-block-spacer-339_e21d5a-01 .kt-block-spacer{height:40px;}.wp-block-kadence-spacer.kt-block-spacer-339_e21d5a-01 .kt-divider{border-top-width:1px;height:1px;border-top-color:#a0d2b9;width:15%;border-top-style:solid;}<\/style>\n<div class=\"wp-block-kadence-spacer aligncenter kt-block-spacer-339_e21d5a-01\"><div class=\"kt-block-spacer kt-block-spacer-halign-center\"><hr class=\"kt-divider\"\/><\/div><\/div>\n\n\n<style>.wp-block-kadence-advancedheading.kt-adv-heading339_d99792-6c, .wp-block-kadence-advancedheading.kt-adv-heading339_d99792-6c[data-kb-block=\"kb-adv-heading339_d99792-6c\"]{max-width:500px;margin-right:auto;margin-left:auto;padding-top:0px;padding-bottom:var(--global-kb-spacing-xs, 1rem);margin-top:0px;margin-bottom:var(--global-kb-spacing-xxs, 0.5rem);text-align:center;font-size:26px;line-height:1.2;font-weight:400;font-style:normal;font-family:'Josefin Sans';}.wp-block-kadence-advancedheading.kt-adv-heading339_d99792-6c mark.kt-highlight, .wp-block-kadence-advancedheading.kt-adv-heading339_d99792-6c[data-kb-block=\"kb-adv-heading339_d99792-6c\"] mark.kt-highlight{font-style:normal;color:#f76a0c;-webkit-box-decoration-break:clone;box-decoration-break:clone;padding-top:0px;padding-right:0px;padding-bottom:0px;padding-left:0px;}.wp-block-kadence-advancedheading.kt-adv-heading339_d99792-6c img.kb-inline-image, .wp-block-kadence-advancedheading.kt-adv-heading339_d99792-6c[data-kb-block=\"kb-adv-heading339_d99792-6c\"] img.kb-inline-image{width:150px;vertical-align:baseline;}<\/style>\n<h2 class=\"kt-adv-heading339_d99792-6c wp-block-kadence-advancedheading has-theme-palette-3-color has-text-color\" data-kb-block=\"kb-adv-heading339_d99792-6c\">Pour toute prise de contact, vous pouvez nous contacter au : 06.77.68.09.95 <br><br>Ou par mail : contact@qualitysrh.com<br><br>Ou remplir le formulaire ci-dessous<\/h2>\n\n\n<style>.wp-block-kadence-spacer.kt-block-spacer-339_f7e2fc-39 .kt-block-spacer{height:40px;}.wp-block-kadence-spacer.kt-block-spacer-339_f7e2fc-39 .kt-divider{border-top-width:1px;height:1px;border-top-color:#a0d2b9;width:15%;border-top-style:solid;}<\/style>\n<div class=\"wp-block-kadence-spacer aligncenter kt-block-spacer-339_f7e2fc-39\"><div class=\"kt-block-spacer kt-block-spacer-halign-center\"><hr class=\"kt-divider\"\/><\/div><\/div>\n<\/div><\/div>\n\n<\/div><\/div>\n\n<style>.kb-row-layout-id339_0f9a1b-08 > .kt-row-column-wrap{align-content:start;}:where(.kb-row-layout-id339_0f9a1b-08 > .kt-row-column-wrap) > .wp-block-kadence-column{justify-content:start;}.kb-row-layout-id339_0f9a1b-08 > .kt-row-column-wrap{column-gap:var(--global-kb-gap-md, 2rem);row-gap:var(--global-kb-gap-md, 2rem);max-width:700px;margin-left:auto;margin-right:auto;padding-top:var(--global-kb-spacing-xxl, 5rem);padding-bottom:var(--global-kb-spacing-xxl, 5rem);grid-template-columns:minmax(0, 1fr);}.kb-row-layout-id339_0f9a1b-08{background-image:url('https:\/\/www.qualitysrh.com\/wp-content\/uploads\/2024\/11\/crop-businessman-giving-contract-to-woman-to-sign-3760067-2048x1365-1.jpg');background-size:cover;background-position:center center;background-attachment:scroll;background-repeat:no-repeat;}.kb-row-layout-id339_0f9a1b-08 > .kt-row-layout-overlay{opacity:0.85;background-color:var(--global-palette4, #2D3748);}@media all and (max-width: 1024px){.kb-row-layout-id339_0f9a1b-08 > .kt-row-column-wrap{grid-template-columns:minmax(0, 1fr);}}@media all and (max-width: 767px){.kb-row-layout-id339_0f9a1b-08 > .kt-row-column-wrap{grid-template-columns:minmax(0, 1fr);}}<\/style><div class=\"kb-row-layout-wrap kb-row-layout-id339_0f9a1b-08 alignfull has-theme-palette4-background-color kt-row-has-bg wp-block-kadence-rowlayout\"><div class=\"kt-row-layout-overlay kt-row-overlay-normal\"><\/div><div class=\"kt-row-column-wrap kt-has-1-columns kt-row-layout-equal kt-tab-layout-inherit kt-mobile-layout-row kt-row-valign-top\">\n<style>.kadence-column339_53d0ef-ad > .kt-inside-inner-col,.kadence-column339_53d0ef-ad > .kt-inside-inner-col:before{border-top-left-radius:0px;border-top-right-radius:0px;border-bottom-right-radius:0px;border-bottom-left-radius:0px;}.kadence-column339_53d0ef-ad > .kt-inside-inner-col{column-gap:var(--global-kb-gap-sm, 1rem);}.kadence-column339_53d0ef-ad > .kt-inside-inner-col{flex-direction:column;}.kadence-column339_53d0ef-ad > .kt-inside-inner-col > .aligncenter{width:100%;}.kadence-column339_53d0ef-ad > .kt-inside-inner-col:before{opacity:0.3;}.kadence-column339_53d0ef-ad{position:relative;}@media all and (max-width: 1024px){.kadence-column339_53d0ef-ad > .kt-inside-inner-col{flex-direction:column;justify-content:center;}}@media all and (max-width: 767px){.kadence-column339_53d0ef-ad > .kt-inside-inner-col{flex-direction:column;justify-content:center;}}<\/style>\n<div class=\"wp-block-kadence-column kadence-column339_53d0ef-ad inner-column-1\"><div class=\"kt-inside-inner-col\"><style>.wp-block-kadence-advancedheading.kt-adv-heading339_c1ec77-d8, .wp-block-kadence-advancedheading.kt-adv-heading339_c1ec77-d8[data-kb-block=\"kb-adv-heading339_c1ec77-d8\"]{text-align:center;font-weight:400;font-style:normal;font-family:'Josefin Sans';}.wp-block-kadence-advancedheading.kt-adv-heading339_c1ec77-d8 mark.kt-highlight, .wp-block-kadence-advancedheading.kt-adv-heading339_c1ec77-d8[data-kb-block=\"kb-adv-heading339_c1ec77-d8\"] mark.kt-highlight{font-style:normal;color:#f76a0c;-webkit-box-decoration-break:clone;box-decoration-break:clone;padding-top:0px;padding-right:0px;padding-bottom:0px;padding-left:0px;}.wp-block-kadence-advancedheading.kt-adv-heading339_c1ec77-d8 img.kb-inline-image, .wp-block-kadence-advancedheading.kt-adv-heading339_c1ec77-d8[data-kb-block=\"kb-adv-heading339_c1ec77-d8\"] img.kb-inline-image{width:150px;vertical-align:baseline;}<\/style>\n<h2 class=\"kt-adv-heading339_c1ec77-d8 wp-block-kadence-advancedheading has-theme-palette-9-color has-text-color\" data-kb-block=\"kb-adv-heading339_c1ec77-d8\">Contactez-nous<\/h2>\n\n\n<style>.wp-block-kadence-advancedheading.kt-adv-heading339_e50223-9a, .wp-block-kadence-advancedheading.kt-adv-heading339_e50223-9a[data-kb-block=\"kb-adv-heading339_e50223-9a\"]{max-width:550px;margin-right:auto;margin-left:auto;text-align:center;font-weight:400;font-style:normal;font-family:'Josefin Sans';}.wp-block-kadence-advancedheading.kt-adv-heading339_e50223-9a mark.kt-highlight, .wp-block-kadence-advancedheading.kt-adv-heading339_e50223-9a[data-kb-block=\"kb-adv-heading339_e50223-9a\"] mark.kt-highlight{font-style:normal;color:#f76a0c;-webkit-box-decoration-break:clone;box-decoration-break:clone;padding-top:0px;padding-right:0px;padding-bottom:0px;padding-left:0px;}.wp-block-kadence-advancedheading.kt-adv-heading339_e50223-9a img.kb-inline-image, .wp-block-kadence-advancedheading.kt-adv-heading339_e50223-9a[data-kb-block=\"kb-adv-heading339_e50223-9a\"] img.kb-inline-image{width:150px;vertical-align:baseline;}<\/style>\n<p class=\"kt-adv-heading339_e50223-9a wp-block-kadence-advancedheading has-theme-palette-9-color has-text-color\" data-kb-block=\"kb-adv-heading339_e50223-9a\">Vous pouvez \u00e9galement remplir le formulaire ci-dessous afin d&rsquo;\u00eatre recontact\u00e9 :<\/p>\n\n\n<style>.wp-block-kadence-form.kadence-form-339_4afcde-47.kb-form-wrap{margin-top:0px;margin-bottom:0px;}.kadence-form-339_4afcde-47 .kb-form .kadence-blocks-form-field .kb-text-style-field, .kadence-form-339_4afcde-47 .kb-form .kadence-blocks-form-field .kb-select-style-field{color:var(--global-palette9, #ffffff);border-radius:0px;border-width:0px 0px 2px 0px;background:rgba(0, 0, 0, 0);border-color:#a0d2b9;}.kadence-form-339_4afcde-47 .kb-form .kadence-blocks-form-field > label{color:var(--global-palette9, #ffffff);font-size:var(--global-kb-font-size-sm, 0.9rem);}.kadence-form-339_4afcde-47 .kb-form .kadence-blocks-form-field .kb-forms-submit{border-radius:5px;background:#a0d2b9;}.kadence-form-339_4afcde-47 .kb-form .kadence-blocks-form-field .kb-forms-submit:hover, .kadence-form-339_4afcde-47 .kb-form .kadence-blocks-form-field .kb-forms-submit:focus {background:var(--global-palette2, #2B6CB0);}.kadence-form-339_4afcde-47 .kb-form .kadence-blocks-form-field .kb-forms-submit{font-size:var(--global-kb-font-size-sm, 0.9rem);letter-spacing:1px;text-transform:uppercase;font-weight:600;}.kb-form input.kadence-blocks-field.verify{opacity:0.0;position:absolute;top:0.0;left:0.0;width:0.0;height:0.0;z-index:-1;}<\/style>\n<div class=\"wp-block-kadence-form kadence-form-339_4afcde-47 kb-form-wrap\"><form class=\"kb-form\" action=\"\" method=\"post\"><div class=\"kadence-blocks-form-field kb-field-desk-width-100 kb-input-size-standard\"><label for=\"kb_field_339_4afcde-47_0\">Votre Nom et Pr\u00e9nom<\/label><input name=\"kb_field_0\" id=\"kb_field_339_4afcde-47_0\" data-label=\"Votre Nom et Pr\u00e9nom\" type=\"text\" placeholder=\"\" value=\"\" data-type=\"text\" class=\"kb-field kb-text-style-field kb-text-field kb-field-0\"\/><\/div><div class=\"kadence-blocks-form-field kb-form-field-1 kb-field-desk-width-100 kb-input-size-standard\"><label for=\"kb_field_339_4afcde-47_1\">Votre adresse mail<span class=\"required\">*<\/span><\/label><input name=\"kb_field_1\" id=\"kb_field_339_4afcde-47_1\" data-label=\"Votre adresse mail\" type=\"email\" placeholder=\"\" value=\"\" data-type=\"email\" class=\"kb-field kb-text-style-field kb-email-field kb-field-1\" data-required=\"yes\"\/><\/div><div class=\"kadence-blocks-form-field kb-form-field-2 kb-field-desk-width-50 kb-input-size-standard\"><label for=\"kb_field_339_4afcde-47_2\">T\u00e9l\u00e9phone<\/label><input name=\"kb_field_2\" id=\"kb_field_339_4afcde-47_2\" data-label=\"T\u00e9l\u00e9phone\" type=\"tel\" placeholder=\"\" value=\"\" data-type=\"tel\" class=\"kb-field kb-text-style-field kb-tel-field kb-field-2\"\/><\/div><div class=\"kadence-blocks-form-field kb-form-field-3 kb-field-desk-width-50 kb-input-size-standard\"><label for=\"kb_field_339_4afcde-47_3\">Le sujet de la demande<span class=\"required\">*<\/span><\/label><input name=\"kb_field_3\" id=\"kb_field_339_4afcde-47_3\" data-label=\"Le sujet de la demande\" type=\"text\" placeholder=\"\" value=\"\" data-type=\"text\" class=\"kb-field kb-text-style-field kb-text-field kb-field-3\" data-required=\"yes\"\/><\/div><div class=\"kadence-blocks-form-field kb-form-field-4 kb-field-desk-width-100 kb-input-size-standard\"><label for=\"kb_field_339_4afcde-47_4\">Message<span class=\"required\">*<\/span><\/label><textarea name=\"kb_field_4\" id=\"kb_field_339_4afcde-47_4\" data-label=\"Message\" type=\"textarea\" placeholder=\"\" data-type=\"textarea\" class=\"kb-field kb-text-style-field kb-textarea-field kb-field-4\" rows=\"4\" data-required=\"yes\"><\/textarea><\/div><input type=\"hidden\" name=\"_kb_form_id\" value=\"339_4afcde-47\"\/><input type=\"hidden\" name=\"_kb_form_post_id\" value=\"339\"\/><input type=\"hidden\" name=\"action\" value=\"kb_process_ajax_submit\"\/><div class=\"kadence-blocks-form-field google-recaptcha-checkout-wrap\"><p id=\"kb-container-g-recaptcha\" class=\"google-recaptcha-container\"><span id=\"kb_recaptcha_339_4afcde-47\" class=\"kadence-blocks-g-recaptcha-v2 g-recaptcha kb_recaptcha_339_4afcde-47\" style=\"display:inline-block\"><\/span><\/p><\/div><label class=\"kadence-verify-label\">Email<input class=\"kadence-blocks-field verify\" type=\"text\" name=\"_kb_verify_email\" autocomplete=\"new-password\" aria-hidden=\"true\" placeholder=\"Email\" tabindex=\"-1\" data-1p-ignore=\"true\" data-lpignore=\"true\" \/><\/label><div class=\"kadence-blocks-form-field kb-submit-field kb-field-desk-width-100\"><button class=\"kb-forms-submit button kb-button-size-standard kb-button-width-full\">Envoyer un message<\/button><\/div><\/form><\/div>\n<noscript><div class=\"kadence-blocks-form-message kadence-blocks-form-warning\">Veuillez activer JavaScript dans votre navigateur pour envoyer le formulaire.<\/div><style>.kadence-form-339_4afcde-47 .kadence-blocks-form-field.kb-submit-field { display: none; }<\/style><\/noscript><\/div><\/div>\n\n<\/div><\/div>\n\n<style>.kadence-column339_905c8a-8d > .kt-inside-inner-col,.kadence-column339_905c8a-8d > .kt-inside-inner-col:before{border-top-left-radius:0px;border-top-right-radius:0px;border-bottom-right-radius:0px;border-bottom-left-radius:0px;}.kadence-column339_905c8a-8d > .kt-inside-inner-col{column-gap:var(--global-kb-gap-sm, 1rem);}.kadence-column339_905c8a-8d > .kt-inside-inner-col{flex-direction:column;}.kadence-column339_905c8a-8d > .kt-inside-inner-col > .aligncenter{width:100%;}.kadence-column339_905c8a-8d > .kt-inside-inner-col:before{opacity:0.3;}.kadence-column339_905c8a-8d{position:relative;}@media all and (max-width: 1024px){.kadence-column339_905c8a-8d > .kt-inside-inner-col{flex-direction:column;justify-content:center;}}@media all and (max-width: 767px){.kadence-column339_905c8a-8d > .kt-inside-inner-col{flex-direction:column;justify-content:center;}}<\/style>\n<div class=\"wp-block-kadence-column kadence-column339_905c8a-8d alignfull\"><div class=\"kt-inside-inner-col\"><style>.kb-google-maps-container339_868bdf-48{height:450px;}<\/style><div class=\"kb-google-maps-container kb-google-maps-container339_868bdf-48  wp-block-kadence-googlemaps\" data-mapid=\"339_868bdf48\"><iframe width=\"100%\" height=\"100%\"\n\t\t\t\t\t\t\tstyle=\"border:0\" loading=\"lazy\"\n\t\t\t\t\t\t\tsrc=\"https:\/\/www.google.com\/maps\/embed\/v1\/place?key=AIzaSyBAM2o7PiQqwk15LC1XRH2e_KJ-jUa7KYk&#038;zoom=11&#038;maptype=roadmap&#038;q=35%2C+rue+des+bateliers+60280+MARGNY-LES-COMPIEGNE\"\n\t\t\t\t\t\t\ttitle=\"Carte Google de 35, rue des bateliers 60280 MARGNY-LES-COMPIEGNE\"><\/iframe><\/div><script>function kb_google_map339_868bdf48() { let center = { lat: 37.8201, lng: -122.4781}; let map = new google.maps.Map(document.getElementById(\"kb-google-map339_868bdf48\"), {\n\t\t\t\t\t    zoom: 11,\n\t\t\t\t\t    center: center,});let marker = new google.maps.Marker({   position: { lat: 37.8201, lng: -122.4781},    map: map,  });}<\/script><\/div><\/div>\n","protected":false},"excerpt":{"rendered":"<p>Bienvenue chez Qualitys RH Contactez nous Pour toute prise de contact, vous pouvez nous contacter au : 06.77.68.09.95 Ou par mail : contact@qualitysrh.com Ou remplir le formulaire ci-dessous Contactez-nous Vous pouvez \u00e9galement remplir le formulaire ci-dessous afin d&rsquo;\u00eatre recontact\u00e9 :<\/p>\n","protected":false},"author":1,"featured_media":0,"parent":0,"menu_order":0,"comment_status":"closed","ping_status":"closed","template":"","meta":{"_kadence_starter_templates_imported_post":true,"_kad_post_transparent":"","_kad_post_title":"hide","_kad_post_layout":"fullwidth","_kad_post_sidebar_id":"","_kad_post_content_style":"unboxed","_kad_post_vertical_padding":"hide","_kad_post_feature":"hide","_kad_post_feature_position":"","_kad_post_header":false,"_kad_post_footer":false,"_kad_post_classname":"","footnotes":""},"class_list":["post-339","page","type-page","status-publish","hentry"],"_links":{"self":[{"href":"https:\/\/www.qualitysrh.com\/index.php\/wp-json\/wp\/v2\/pages\/339","targetHints":{"allow":["GET"]}}],"collection":[{"href":"https:\/\/www.qualitysrh.com\/index.php\/wp-json\/wp\/v2\/pages"}],"about":[{"href":"https:\/\/www.qualitysrh.com\/index.php\/wp-json\/wp\/v2\/types\/page"}],"author":[{"embeddable":true,"href":"https:\/\/www.qualitysrh.com\/index.php\/wp-json\/wp\/v2\/users\/1"}],"replies":[{"embeddable":true,"href":"https:\/\/www.qualitysrh.com\/index.php\/wp-json\/wp\/v2\/comments?post=339"}],"version-history":[{"count":8,"href":"https:\/\/www.qualitysrh.com\/index.php\/wp-json\/wp\/v2\/pages\/339\/revisions"}],"predecessor-version":[{"id":1313,"href":"https:\/\/www.qualitysrh.com\/index.php\/wp-json\/wp\/v2\/pages\/339\/revisions\/1313"}],"wp:attachment":[{"href":"https:\/\/www.qualitysrh.com\/index.php\/wp-json\/wp\/v2\/media?parent=339"}],"curies":[{"name":"wp","href":"https:\/\/api.w.org\/{rel}","templated":true}]}}