{"id":404,"date":"2024-11-14T15:30:25","date_gmt":"2024-11-14T15:30:25","guid":{"rendered":"http:\/\/qualitysrh.local\/?page_id=404"},"modified":"2024-11-29T14:11:29","modified_gmt":"2024-11-29T13:11:29","slug":"actualite","status":"publish","type":"page","link":"https:\/\/www.qualitysrh.com\/index.php\/actualite\/","title":{"rendered":"Actualit\u00e9"},"content":{"rendered":"<style>.kb-row-layout-id404_d48c01-7c > .kt-row-column-wrap{align-content:end;}:where(.kb-row-layout-id404_d48c01-7c > .kt-row-column-wrap) > .wp-block-kadence-column{justify-content:end;}.kb-row-layout-id404_d48c01-7c > .kt-row-column-wrap{column-gap:var(--global-kb-gap-md, 2rem);row-gap:var(--global-kb-gap-md, 2rem);max-width:var( --global-content-width, 1290px );padding-left:var(--global-content-edge-padding);padding-right:var(--global-content-edge-padding);padding-top:var(--global-kb-spacing-xxl, 5rem);padding-right:var(--global-kb-spacing-sm, 1.5rem);padding-bottom:var(--global-kb-spacing-4xl, 8rem);padding-left:var(--global-kb-spacing-sm, 1.5rem);min-height:650px;grid-template-columns:minmax(0, 1fr);}.kb-row-layout-id404_d48c01-7c{background-image:url('https:\/\/www.qualitysrh.com\/wp-content\/uploads\/2024\/11\/freepik__upload__86007-1.jpeg');background-size:cover;background-position:65% 21%;background-attachment:scroll;background-repeat:no-repeat;}.kb-row-layout-id404_d48c01-7c > .kt-row-layout-overlay{opacity:0.85;background-color:var(--global-palette3, #1A202C);mix-blend-mode:normal;}@media all and (max-width: 1024px){.kb-row-layout-id404_d48c01-7c > .kt-row-column-wrap{grid-template-columns:minmax(0, 1fr);}}@media all and (max-width: 767px){.kb-row-layout-id404_d48c01-7c > .kt-row-column-wrap{padding-top:var(--global-kb-spacing-xl, 4rem);padding-bottom:var(--global-kb-spacing-xl, 4rem);grid-template-columns:minmax(0, 1fr);}}<\/style><div class=\"kb-row-layout-wrap kb-row-layout-id404_d48c01-7c alignfull kt-row-has-bg wp-block-kadence-rowlayout\"><div class=\"kt-row-layout-overlay kt-row-overlay-normal\"><\/div><div class=\"kt-row-column-wrap kt-has-1-columns kt-row-layout-equal kt-tab-layout-inherit kt-mobile-layout-row kt-row-valign-bottom kb-theme-content-width\">\n<style>.kadence-column404_c78658-28 > .kt-inside-inner-col{border-top:25px solid transparent;border-right:25px solid transparent;border-bottom:25px solid transparent;border-left:25px solid transparent;}.kadence-column404_c78658-28 > .kt-inside-inner-col,.kadence-column404_c78658-28 > .kt-inside-inner-col:before{border-top-left-radius:0px;border-top-right-radius:0px;border-bottom-right-radius:0px;border-bottom-left-radius:0px;}.kadence-column404_c78658-28 > .kt-inside-inner-col{column-gap:var(--global-kb-gap-sm, 1rem);}.kadence-column404_c78658-28 > .kt-inside-inner-col{flex-direction:column;}.kadence-column404_c78658-28 > .kt-inside-inner-col > .aligncenter{width:100%;}.kadence-column404_c78658-28 > .kt-inside-inner-col:before{opacity:0.3;}.kadence-column404_c78658-28{position:relative;}@media all and (max-width: 1024px){.kadence-column404_c78658-28 > .kt-inside-inner-col{border-top:25px solid transparent;border-right:25px solid transparent;border-bottom:25px solid transparent;border-left:25px solid transparent;flex-direction:column;justify-content:center;}}@media all and (max-width: 767px){.kadence-column404_c78658-28 > .kt-inside-inner-col{border-top:25px solid transparent;border-right:25px solid transparent;border-bottom:25px solid transparent;border-left:25px solid transparent;flex-direction:column;justify-content:center;}}<\/style>\n<div class=\"wp-block-kadence-column kadence-column404_c78658-28 kvs-sm-false inner-column-1\"><div class=\"kt-inside-inner-col\"><style>.wp-block-kadence-advancedheading.kt-adv-heading404_d292e1-dc, .wp-block-kadence-advancedheading.kt-adv-heading404_d292e1-dc[data-kb-block=\"kb-adv-heading404_d292e1-dc\"]{margin-top:var(--global-kb-spacing-xl, 4rem);text-align:center;font-size:70px;font-weight:400;font-style:normal;font-family:'Josefin Sans';}.wp-block-kadence-advancedheading.kt-adv-heading404_d292e1-dc mark.kt-highlight, .wp-block-kadence-advancedheading.kt-adv-heading404_d292e1-dc[data-kb-block=\"kb-adv-heading404_d292e1-dc\"] mark.kt-highlight{font-style:normal;color:#f76a0c;-webkit-box-decoration-break:clone;box-decoration-break:clone;padding-top:0px;padding-right:0px;padding-bottom:0px;padding-left:0px;}.wp-block-kadence-advancedheading.kt-adv-heading404_d292e1-dc img.kb-inline-image, .wp-block-kadence-advancedheading.kt-adv-heading404_d292e1-dc[data-kb-block=\"kb-adv-heading404_d292e1-dc\"] img.kb-inline-image{width:150px;vertical-align:baseline;}<\/style>\n<h1 class=\"kt-adv-heading404_d292e1-dc wp-block-kadence-advancedheading has-theme-palette-9-color has-text-color\" data-kb-block=\"kb-adv-heading404_d292e1-dc\"><strong><em>Bienvenue chez Qualitys RH<\/em><\/strong><\/h1>\n\n\n<style>.wp-block-kadence-spacer.kt-block-spacer-404_137969-39 .kt-block-spacer{height:40px;}.wp-block-kadence-spacer.kt-block-spacer-404_137969-39 .kt-divider{border-top-width:1px;height:1px;border-top-color:#a0d2b9;width:15%;border-top-style:solid;}<\/style>\n<div class=\"wp-block-kadence-spacer aligncenter kt-block-spacer-404_137969-39\"><div class=\"kt-block-spacer kt-block-spacer-halign-center\"><hr class=\"kt-divider\"\/><\/div><\/div>\n\n\n<style>.wp-block-kadence-advancedheading.kt-adv-heading404_682d36-0a, .wp-block-kadence-advancedheading.kt-adv-heading404_682d36-0a[data-kb-block=\"kb-adv-heading404_682d36-0a\"]{text-align:center;font-size:var(--global-kb-font-size-lg, 2rem);font-weight:400;font-style:normal;font-family:'Josefin Sans';}.wp-block-kadence-advancedheading.kt-adv-heading404_682d36-0a mark.kt-highlight, .wp-block-kadence-advancedheading.kt-adv-heading404_682d36-0a[data-kb-block=\"kb-adv-heading404_682d36-0a\"] mark.kt-highlight{font-style:normal;color:#f76a0c;-webkit-box-decoration-break:clone;box-decoration-break:clone;padding-top:0px;padding-right:0px;padding-bottom:0px;padding-left:0px;}.wp-block-kadence-advancedheading.kt-adv-heading404_682d36-0a img.kb-inline-image, .wp-block-kadence-advancedheading.kt-adv-heading404_682d36-0a[data-kb-block=\"kb-adv-heading404_682d36-0a\"] img.kb-inline-image{width:150px;vertical-align:baseline;}<\/style>\n<p class=\"kt-adv-heading404_682d36-0a wp-block-kadence-advancedheading has-theme-palette-9-color has-text-color\" data-kb-block=\"kb-adv-heading404_682d36-0a\"><strong>Suivez l&rsquo;actualit\u00e9 du monde du travail et de la QVCT<\/strong><\/p>\n<\/div><\/div>\n\n<\/div><\/div>\n\n<style>.kb-row-layout-id404_f42128-a2 > .kt-row-column-wrap{align-content:start;}:where(.kb-row-layout-id404_f42128-a2 > .kt-row-column-wrap) > .wp-block-kadence-column{justify-content:start;}.kb-row-layout-id404_f42128-a2 > .kt-row-column-wrap{column-gap:var(--global-kb-gap-lg, 4rem);row-gap:var(--global-kb-gap-md, 2rem);max-width:var( --global-content-width, 1290px );padding-left:var(--global-content-edge-padding);padding-right:var(--global-content-edge-padding);padding-top:var(--global-kb-spacing-xxl, 5rem);padding-bottom:var(--global-kb-spacing-xxl, 5rem);grid-template-columns:minmax(0, 1fr);}.kb-row-layout-id404_f42128-a2{background-image:url('https:\/\/www.qualitysrh.com\/wp-content\/uploads\/2024\/11\/minimalist-flat-lay-of-an-office-desk-with-notebook-keyboard-and-smartphone.-934062-2048x1290-1.jpg');background-size:cover;background-position:center center;background-attachment:scroll;background-repeat:no-repeat;}.kb-row-layout-id404_f42128-a2 > .kt-row-layout-overlay{opacity:0.30;}@media all and (max-width: 1024px){.kb-row-layout-id404_f42128-a2 > .kt-row-column-wrap{grid-template-columns:minmax(0, 1fr);}}@media all and (max-width: 767px){.kb-row-layout-id404_f42128-a2 > .kt-row-column-wrap{grid-template-columns:minmax(0, 1fr);}}<\/style><div class=\"kb-row-layout-wrap kb-row-layout-id404_f42128-a2 alignfull has-theme-palette9-background-color kt-row-has-bg wp-block-kadence-rowlayout\"><div class=\"kt-row-column-wrap kt-has-1-columns kt-row-layout-equal kt-tab-layout-inherit kt-mobile-layout-row kt-row-valign-top kb-theme-content-width\">\n<style>.kadence-column404_52829f-18 > .kt-inside-inner-col{display:flex;}.kadence-column404_52829f-18 > .kt-inside-inner-col,.kadence-column404_52829f-18 > .kt-inside-inner-col:before{border-top-left-radius:0px;border-top-right-radius:0px;border-bottom-right-radius:0px;border-bottom-left-radius:0px;}.kadence-column404_52829f-18:hover > .kt-inside-inner-col{box-shadow:0px 0px 14px 0px var(--global-palette2, #2B6CB0);}.kadence-column404_52829f-18 > .kt-inside-inner-col{column-gap:var(--global-kb-gap-sm, 1rem);}.kadence-column404_52829f-18 > .kt-inside-inner-col{flex-direction:column;justify-content:center;}.kadence-column404_52829f-18 > .kt-inside-inner-col > .aligncenter{width:100%;}.kt-row-column-wrap > .kadence-column404_52829f-18{align-self:center;}.kt-inner-column-height-full:not(.kt-has-1-columns) > .wp-block-kadence-column.kadence-column404_52829f-18{align-self:auto;}.kt-inner-column-height-full:not(.kt-has-1-columns) > .wp-block-kadence-column.kadence-column404_52829f-18 > .kt-inside-inner-col{flex-direction:column;justify-content:center;}.kadence-column404_52829f-18 > .kt-inside-inner-col:before{opacity:0.3;}.kadence-column404_52829f-18{position:relative;}@media all and (max-width: 1024px){.kt-row-column-wrap > .kadence-column404_52829f-18{align-self:center;}}@media all and (max-width: 1024px){.kt-inner-column-height-full:not(.kt-has-1-columns) > .wp-block-kadence-column.kadence-column404_52829f-18{align-self:auto;}}@media all and (max-width: 1024px){.kt-inner-column-height-full:not(.kt-has-1-columns) > .wp-block-kadence-column.kadence-column404_52829f-18 > .kt-inside-inner-col{flex-direction:column;justify-content:center;}}@media all and (max-width: 1024px){.kadence-column404_52829f-18 > .kt-inside-inner-col{flex-direction:column;justify-content:center;}}@media all and (max-width: 767px){.kt-row-column-wrap > .kadence-column404_52829f-18{align-self:center;}.kt-inner-column-height-full:not(.kt-has-1-columns) > .wp-block-kadence-column.kadence-column404_52829f-18{align-self:auto;}.kt-inner-column-height-full:not(.kt-has-1-columns) > .wp-block-kadence-column.kadence-column404_52829f-18 > .kt-inside-inner-col{flex-direction:column;justify-content:center;}.kadence-column404_52829f-18 > .kt-inside-inner-col{flex-direction:column;justify-content:center;}}<\/style>\n<div class=\"wp-block-kadence-column kadence-column404_52829f-18\"><div class=\"kt-inside-inner-col\"><style>.kb-posts-id-404_f4dd2e-16 .kb-post-list-item{display:grid;}<\/style><ul class=\"wp-block-kadence-posts kb-posts kadence-posts-list kb-posts-id-404_f4dd2e-16 content-wrap grid-cols kb-posts-style-boxed grid-sm-col-2 grid-lg-col-3 item-image-style-above\"><li class=\"kb-post-list-item\">\n\t<article class=\"entry content-bg loop-entry post-1347 post type-post status-publish format-standard hentry category-articles\">\n\t\t\t\t<div class=\"entry-content-wrap\">\n\t\t\t<header class=\"entry-header\">\n\t<h5 class=\"entry-title\"><a href=\"https:\/\/www.qualitysrh.com\/index.php\/2026\/03\/25\/recapitulatif-de-lactualite-juridique-au-25-mars-2026\/\" rel=\"bookmark\">R\u00e9capitulatif de l&rsquo;actualit\u00e9 juridique au 25 mars 2026<\/a><\/h5><\/header><!-- .entry-header -->\n\t<div class=\"entry-summary\">\n\t\t<p>Au 25 mars 2026, il est int\u00e9ressant de revenir sur les derni\u00e8res actualit\u00e9s sur le plan juridique, mais aussi de faire&#8230;<\/p>\n\t<\/div><!-- .entry-summary -->\n\t<footer class=\"entry-footer\">\n\t<\/footer><!-- .entry-footer -->\t\t<\/div>\n\t<\/article>\n<\/li>\n<li class=\"kb-post-list-item\">\n\t<article class=\"entry content-bg loop-entry post-1342 post type-post status-publish format-standard hentry category-articles\">\n\t\t\t\t<div class=\"entry-content-wrap\">\n\t\t\t<header class=\"entry-header\">\n\t<h5 class=\"entry-title\"><a href=\"https:\/\/www.qualitysrh.com\/index.php\/2026\/02\/26\/recapitulatif-de-lactualite-juridique-au-25-fevrier-2026\/\" rel=\"bookmark\">R\u00e9capitulatif de l&rsquo;actualit\u00e9 juridique au 26 f\u00e9vrier 2026<\/a><\/h5><\/header><!-- .entry-header -->\n\t<div class=\"entry-summary\">\n\t\t<p>Au 26 f\u00e9vrier 2026, il est int\u00e9ressant de revenir sur les derni\u00e8res actualit\u00e9s sur le plan juridique, mais aussi de faire&#8230;<\/p>\n\t<\/div><!-- .entry-summary -->\n\t<footer class=\"entry-footer\">\n\t<\/footer><!-- .entry-footer -->\t\t<\/div>\n\t<\/article>\n<\/li>\n<li class=\"kb-post-list-item\">\n\t<article class=\"entry content-bg loop-entry post-1331 post type-post status-publish format-standard hentry category-articles\">\n\t\t\t\t<div class=\"entry-content-wrap\">\n\t\t\t<header class=\"entry-header\">\n\t<h5 class=\"entry-title\"><a href=\"https:\/\/www.qualitysrh.com\/index.php\/2026\/01\/28\/recapitulatif-de-lactualite-juridique-au-28-janvier-2026\/\" rel=\"bookmark\">R\u00e9capitulatif de l&rsquo;actualit\u00e9 juridique au 28 janvier 2026<\/a><\/h5><\/header><!-- .entry-header -->\n\t<div class=\"entry-summary\">\n\t\t<p>Au 28 janvier 2026, il est int\u00e9ressant de revenir sur les derni\u00e8res actualit\u00e9s sur le plan juridique, mais aussi de faire&#8230;<\/p>\n\t<\/div><!-- .entry-summary -->\n\t<footer class=\"entry-footer\">\n\t<\/footer><!-- .entry-footer -->\t\t<\/div>\n\t<\/article>\n<\/li>\n<li class=\"kb-post-list-item\">\n\t<article class=\"entry content-bg loop-entry post-1323 post type-post status-publish format-standard hentry category-articles\">\n\t\t\t\t<div class=\"entry-content-wrap\">\n\t\t\t<header class=\"entry-header\">\n\t<h5 class=\"entry-title\"><a href=\"https:\/\/www.qualitysrh.com\/index.php\/2025\/12\/17\/recapitulatif-de-lactualite-juridique-au-17-decembre-2025\/\" rel=\"bookmark\">R\u00e9capitulatif de l&rsquo;actualit\u00e9 juridique au 17 d\u00e9cembre 2025<\/a><\/h5><\/header><!-- .entry-header -->\n\t<div class=\"entry-summary\">\n\t\t<p>Au 17 d\u00e9cembre 2025, il est int\u00e9ressant de revenir sur les derni\u00e8res actualit\u00e9s sur le plan juridique, mais aussi de faire&#8230;<\/p>\n\t<\/div><!-- .entry-summary -->\n\t<footer class=\"entry-footer\">\n\t<\/footer><!-- .entry-footer -->\t\t<\/div>\n\t<\/article>\n<\/li>\n<li class=\"kb-post-list-item\">\n\t<article class=\"entry content-bg loop-entry post-1294 post type-post status-publish format-standard hentry category-articles\">\n\t\t\t\t<div class=\"entry-content-wrap\">\n\t\t\t<header class=\"entry-header\">\n\t<h5 class=\"entry-title\"><a href=\"https:\/\/www.qualitysrh.com\/index.php\/2025\/10\/22\/recapitulatif-de-lactualite-juridique-au-22-octobre-2025\/\" rel=\"bookmark\">R\u00e9capitulatif de l&rsquo;actualit\u00e9 juridique au 22 octobre 2025<\/a><\/h5><\/header><!-- .entry-header -->\n\t<div class=\"entry-summary\">\n\t\t<p>Au 22 octobre 2025, il est int\u00e9ressant de revenir sur les derni\u00e8res actualit\u00e9s sur le plan juridique, mais aussi de faire&#8230;<\/p>\n\t<\/div><!-- .entry-summary -->\n\t<footer class=\"entry-footer\">\n\t<\/footer><!-- .entry-footer -->\t\t<\/div>\n\t<\/article>\n<\/li>\n<li class=\"kb-post-list-item\">\n\t<article class=\"entry content-bg loop-entry post-1287 post type-post status-publish format-standard hentry category-articles\">\n\t\t\t\t<div class=\"entry-content-wrap\">\n\t\t\t<header class=\"entry-header\">\n\t<h5 class=\"entry-title\"><a href=\"https:\/\/www.qualitysrh.com\/index.php\/2025\/03\/25\/comment-faire-face-a-linaptitude-dun-salarie\/\" rel=\"bookmark\">Comment faire face \u00e0 l&rsquo;inaptitude d&rsquo;un salari\u00e9 ?<\/a><\/h5><\/header><!-- .entry-header -->\n\t<div class=\"entry-summary\">\n\t\t<p>Lorsque les salari\u00e9s se retrouvent inapte \u00e0 leur poste, l&#8217;employeur doit prendre des mesures rapidement, selon la situation \u00e0 laquelle il&#8230;<\/p>\n\t<\/div><!-- .entry-summary -->\n\t<footer class=\"entry-footer\">\n\t<\/footer><!-- .entry-footer -->\t\t<\/div>\n\t<\/article>\n<\/li>\n<\/ul><\/div><\/div>\n\n<\/div><\/div>\n\n\n<p><\/p>\n","protected":false},"excerpt":{"rendered":"<p>Bienvenue chez Qualitys RH Suivez l&rsquo;actualit\u00e9 du monde du travail et de la QVCT<\/p>\n","protected":false},"author":1,"featured_media":0,"parent":0,"menu_order":0,"comment_status":"closed","ping_status":"closed","template":"","meta":{"_kadence_starter_templates_imported_post":false,"_kad_post_transparent":"default","_kad_post_title":"hide","_kad_post_layout":"fullwidth","_kad_post_sidebar_id":"","_kad_post_content_style":"unboxed","_kad_post_vertical_padding":"hide","_kad_post_feature":"hide","_kad_post_feature_position":"","_kad_post_header":false,"_kad_post_footer":false,"_kad_post_classname":"","footnotes":""},"class_list":["post-404","page","type-page","status-publish","hentry"],"_links":{"self":[{"href":"https:\/\/www.qualitysrh.com\/index.php\/wp-json\/wp\/v2\/pages\/404","targetHints":{"allow":["GET"]}}],"collection":[{"href":"https:\/\/www.qualitysrh.com\/index.php\/wp-json\/wp\/v2\/pages"}],"about":[{"href":"https:\/\/www.qualitysrh.com\/index.php\/wp-json\/wp\/v2\/types\/page"}],"author":[{"embeddable":true,"href":"https:\/\/www.qualitysrh.com\/index.php\/wp-json\/wp\/v2\/users\/1"}],"replies":[{"embeddable":true,"href":"https:\/\/www.qualitysrh.com\/index.php\/wp-json\/wp\/v2\/comments?post=404"}],"version-history":[{"count":3,"href":"https:\/\/www.qualitysrh.com\/index.php\/wp-json\/wp\/v2\/pages\/404\/revisions"}],"predecessor-version":[{"id":1228,"href":"https:\/\/www.qualitysrh.com\/index.php\/wp-json\/wp\/v2\/pages\/404\/revisions\/1228"}],"wp:attachment":[{"href":"https:\/\/www.qualitysrh.com\/index.php\/wp-json\/wp\/v2\/media?parent=404"}],"curies":[{"name":"wp","href":"https:\/\/api.w.org\/{rel}","templated":true}]}}